{"id":7325,"date":"2020-09-28T15:18:27","date_gmt":"2020-09-28T14:18:27","guid":{"rendered":"https:\/\/fysane.com\/?page_id=7325"},"modified":"2023-03-03T09:37:33","modified_gmt":"2023-03-03T08:37:33","slug":"blog","status":"publish","type":"page","link":"https:\/\/fysane.com\/en\/blog","title":{"rendered":"Blog"},"content":{"rendered":"<div data-elementor-type=\"wp-page\" data-elementor-id=\"7325\" class=\"elementor elementor-7325\">\n\t\t\t\t\t\t<section class=\"elementor-section elementor-top-section elementor-element elementor-element-9454c5f elementor-section-full_width elementor-section-height-min-height elementor-section-items-bottom elementor-section-height-default\" data-id=\"9454c5f\" data-element_type=\"section\" data-e-type=\"section\" id=\"Accueil\" data-settings=\"{&quot;background_background&quot;:&quot;classic&quot;}\">\n\t\t\t\t\t\t\t<div class=\"elementor-background-overlay\"><\/div>\n\t\t\t\t\t\t\t<div class=\"elementor-container elementor-column-gap-no\">\n\t\t\t\t\t<div class=\"elementor-column elementor-col-100 elementor-top-column elementor-element elementor-element-95d701d\" data-id=\"95d701d\" data-element_type=\"column\" data-e-type=\"column\">\n\t\t\t<div class=\"elementor-widget-wrap elementor-element-populated\">\n\t\t\t\t\t\t<section class=\"elementor-section elementor-inner-section elementor-element elementor-element-baedc95 elementor-section-full_width elementor-section-height-default elementor-section-height-default\" data-id=\"baedc95\" data-element_type=\"section\" data-e-type=\"section\">\n\t\t\t\t\t\t<div class=\"elementor-container elementor-column-gap-default\">\n\t\t\t\t\t<div class=\"elementor-column elementor-col-50 elementor-inner-column elementor-element elementor-element-a4f66e5\" data-id=\"a4f66e5\" data-element_type=\"column\" data-e-type=\"column\">\n\t\t\t<div class=\"elementor-widget-wrap elementor-element-populated\">\n\t\t\t\t\t\t<div class=\"elementor-element elementor-element-75d424f elementor-widget elementor-widget-spacer\" data-id=\"75d424f\" data-element_type=\"widget\" data-e-type=\"widget\" data-widget_type=\"spacer.default\">\n\t\t\t\t<div class=\"elementor-widget-container\">\n\t\t\t\t\t\t\t<div class=\"elementor-spacer\">\n\t\t\t<div class=\"elementor-spacer-inner\"><\/div>\n\t\t<\/div>\n\t\t\t\t\t\t<\/div>\n\t\t\t\t<\/div>\n\t\t\t\t<div class=\"elementor-element elementor-element-aab3a23 elementor-widget elementor-widget-heading\" data-id=\"aab3a23\" data-element_type=\"widget\" data-e-type=\"widget\" data-settings=\"{&quot;_animation&quot;:&quot;none&quot;}\" data-widget_type=\"heading.default\">\n\t\t\t\t<div class=\"elementor-widget-container\">\n\t\t\t\t\t<h2 class=\"elementor-heading-title elementor-size-default\">Your daily dose of marketing<\/h2>\t\t\t\t<\/div>\n\t\t\t\t<\/div>\n\t\t\t\t\t<\/div>\n\t\t<\/div>\n\t\t\t\t<div class=\"elementor-column elementor-col-50 elementor-inner-column elementor-element elementor-element-ffd9ed4 elementor-hidden-tablet\" data-id=\"ffd9ed4\" data-element_type=\"column\" data-e-type=\"column\">\n\t\t\t<div class=\"elementor-widget-wrap\">\n\t\t\t\t\t\t\t<\/div>\n\t\t<\/div>\n\t\t\t\t\t<\/div>\n\t\t<\/section>\n\t\t\t\t\t<\/div>\n\t\t<\/div>\n\t\t\t\t\t<\/div>\n\t\t<\/section>\n\t\t\t\t<section class=\"elementor-section elementor-top-section elementor-element elementor-element-bb1bdfb elementor-section-boxed elementor-section-height-default elementor-section-height-default\" data-id=\"bb1bdfb\" data-element_type=\"section\" data-e-type=\"section\">\n\t\t\t\t\t\t<div class=\"elementor-container elementor-column-gap-default\">\n\t\t\t\t\t<div class=\"elementor-column elementor-col-100 elementor-top-column elementor-element elementor-element-2472ece\" data-id=\"2472ece\" data-element_type=\"column\" data-e-type=\"column\">\n\t\t\t<div class=\"elementor-widget-wrap elementor-element-populated\">\n\t\t\t\t\t\t<div class=\"elementor-element elementor-element-ba76ce4 elementor-widget elementor-widget-heading\" data-id=\"ba76ce4\" data-element_type=\"widget\" data-e-type=\"widget\" data-widget_type=\"heading.default\">\n\t\t\t\t<div class=\"elementor-widget-container\">\n\t\t\t\t\t<h2 class=\"elementor-heading-title elementor-size-default\">Blog<\/h2>\t\t\t\t<\/div>\n\t\t\t\t<\/div>\n\t\t\t\t<div class=\"elementor-element elementor-element-63c471f elementor-widget-divider--view-line elementor-widget elementor-widget-divider\" data-id=\"63c471f\" data-element_type=\"widget\" data-e-type=\"widget\" data-widget_type=\"divider.default\">\n\t\t\t\t<div class=\"elementor-widget-container\">\n\t\t\t\t\t\t\t<div class=\"elementor-divider\">\n\t\t\t<span class=\"elementor-divider-separator\">\n\t\t\t\t\t\t<\/span>\n\t\t<\/div>\n\t\t\t\t\t\t<\/div>\n\t\t\t\t<\/div>\n\t\t\t\t\t<\/div>\n\t\t<\/div>\n\t\t\t\t\t<\/div>\n\t\t<\/section>\n\t\t\t\t<section class=\"elementor-section elementor-top-section elementor-element elementor-element-72b2691 elementor-section-boxed elementor-section-height-default elementor-section-height-default\" data-id=\"72b2691\" data-element_type=\"section\" data-e-type=\"section\" data-settings=\"{&quot;background_background&quot;:&quot;classic&quot;}\">\n\t\t\t\t\t\t\t<div class=\"elementor-background-overlay\"><\/div>\n\t\t\t\t\t\t\t<div class=\"elementor-container elementor-column-gap-default\">\n\t\t\t\t\t<div class=\"elementor-column elementor-col-100 elementor-top-column elementor-element elementor-element-fbf48f6\" data-id=\"fbf48f6\" data-element_type=\"column\" data-e-type=\"column\">\n\t\t\t<div class=\"elementor-widget-wrap elementor-element-populated\">\n\t\t\t\t\t\t<div class=\"elementor-element elementor-element-92c34e2 elementor-widget elementor-widget-text-editor\" data-id=\"92c34e2\" data-element_type=\"widget\" data-e-type=\"widget\" data-widget_type=\"text-editor.default\">\n\t\t\t\t<div class=\"elementor-widget-container\">\n\t\t\t\t\t\t\t\t\t<div class=\"kc-elm kc-css-86140 kc_text_block\"><div class=\"kc-elm kc-css-973394 kc_text_block\"><p><div id=\"psacp-post-carousel-wrap-1\" class=\"psacp-wrap psacp-post-carousel-wrap owl-carousel psacp-design-1  psacp-clearfix\" data-conf=\"{&quot;slide_show&quot;:3,&quot;loop&quot;:true,&quot;arrows&quot;:false,&quot;dots&quot;:true,&quot;autoplay&quot;:true,&quot;autoplay_interval&quot;:5000,&quot;speed&quot;:500,&quot;slide_scroll&quot;:1,&quot;rtl&quot;:false}\"><div class=\"psacp-post-slide psacp-post-28165 psacp-post-standard psacp-has-thumb\">\r\n\t<div class=\"psacp-post-carousel-content\">\r\n\t\t<div class=\"psacp-post-img-bg\" style=\"background-image:url(https:\/\/fysane.com\/wp-content\/uploads\/2023\/11\/Frame-8.png);\">\r\n\t\t\t<a class=\"psacp-post-linkoverlay\" href=\"https:\/\/fysane.com\/en\/developpez-vos-competences-en-marketing-avec-nos-formations-adobe-campaign\"><\/a>\r\n\t\t\t<div class=\"psacp-post-overlay\">\r\n\t\t\t\t\t\t\t\t<h2 class=\"psacp-post-title\">\r\n\t\t\t\t\t<a href=\"https:\/\/fysane.com\/en\/developpez-vos-competences-en-marketing-avec-nos-formations-adobe-campaign\">D\u00e9veloppez Vos Comp\u00e9tences en Marketing avec nos Formations Adobe Campaign<\/a>\r\n\t\t\t\t<\/h2>\r\n\r\n\t\t\t\t\t\t\t\t<div class=\"psacp-post-meta psacp-post-meta-up\">\r\n\t\t\t\t\t<span class=\"psacp-post-meta-data psacp-post-date\"><i class=\"psacp-fa fa-regular fa-clock\"><\/i>7 November 2023<\/span>\t\t\t\t<\/div>\r\n\t\t\t\t\t\t\t<\/div>\r\n\t\t<\/div>\r\n\r\n\t\t\t<\/div>\r\n<\/div><div class=\"psacp-post-slide psacp-post-28022 psacp-post-standard psacp-has-thumb\">\r\n\t<div class=\"psacp-post-carousel-content\">\r\n\t\t<div class=\"psacp-post-img-bg\" style=\"background-image:url(https:\/\/fysane.com\/wp-content\/uploads\/2023\/10\/MicrosoftTeams-image-166.jpg);\">\r\n\t\t\t<a class=\"psacp-post-linkoverlay\" href=\"https:\/\/fysane.com\/en\/revolutionnez-votre-marketing-avec-adobe-marketing-cloud\"><\/a>\r\n\t\t\t<div class=\"psacp-post-overlay\">\r\n\t\t\t\t\t\t\t\t<h2 class=\"psacp-post-title\">\r\n\t\t\t\t\t<a href=\"https:\/\/fysane.com\/en\/revolutionnez-votre-marketing-avec-adobe-marketing-cloud\">R\u00e9volutionnez Votre Marketing avec Adobe Marketing Cloud<\/a>\r\n\t\t\t\t<\/h2>\r\n\r\n\t\t\t\t\t\t\t\t<div class=\"psacp-post-meta psacp-post-meta-up\">\r\n\t\t\t\t\t<span class=\"psacp-post-meta-data psacp-post-date\"><i class=\"psacp-fa fa-regular fa-clock\"><\/i>30 October 2023<\/span>\t\t\t\t<\/div>\r\n\t\t\t\t\t\t\t<\/div>\r\n\t\t<\/div>\r\n\r\n\t\t\t<\/div>\r\n<\/div><div class=\"psacp-post-slide psacp-post-8220 psacp-post-standard psacp-has-thumb\">\r\n\t<div class=\"psacp-post-carousel-content\">\r\n\t\t<div class=\"psacp-post-img-bg\" style=\"background-image:url(https:\/\/fysane.com\/wp-content\/uploads\/2020\/04\/Email-marketing-via-Adobe-Campaign-scaled.jpg);\">\r\n\t\t\t<a class=\"psacp-post-linkoverlay\" href=\"https:\/\/fysane.com\/en\/adobe-campaign-loutil-incontournable\"><\/a>\r\n\t\t\t<div class=\"psacp-post-overlay\">\r\n\t\t\t\t\t\t\t\t<h2 class=\"psacp-post-title\">\r\n\t\t\t\t\t<a href=\"https:\/\/fysane.com\/en\/adobe-campaign-loutil-incontournable\">Adobe Campaign, the essential tool<\/a>\r\n\t\t\t\t<\/h2>\r\n\r\n\t\t\t\t\t\t\t\t<div class=\"psacp-post-meta psacp-post-meta-up\">\r\n\t\t\t\t\t<span class=\"psacp-post-meta-data psacp-post-date\"><i class=\"psacp-fa fa-regular fa-clock\"><\/i>23 December 2020<\/span>\t\t\t\t<\/div>\r\n\t\t\t\t\t\t\t<\/div>\r\n\t\t<\/div>\r\n\r\n\t\t\t<\/div>\r\n<\/div><div class=\"psacp-post-slide psacp-post-4202 psacp-post-standard psacp-has-thumb\">\r\n\t<div class=\"psacp-post-carousel-content\">\r\n\t\t<div class=\"psacp-post-img-bg\" style=\"background-image:url(https:\/\/fysane.com\/wp-content\/uploads\/2020\/05\/partners-shaking-hands-GYJSRZQ-scaled.jpg);\">\r\n\t\t\t<a class=\"psacp-post-linkoverlay\" href=\"https:\/\/fysane.com\/en\/fysane-partenaire-adobe\"><\/a>\r\n\t\t\t<div class=\"psacp-post-overlay\">\r\n\t\t\t\t\t\t\t\t<h2 class=\"psacp-post-title\">\r\n\t\t\t\t\t<a href=\"https:\/\/fysane.com\/en\/fysane-partenaire-adobe\">It's official! FYSANE, is now an Adobe partner!<\/a>\r\n\t\t\t\t<\/h2>\r\n\r\n\t\t\t\t\t\t\t\t<div class=\"psacp-post-meta psacp-post-meta-up\">\r\n\t\t\t\t\t<span class=\"psacp-post-meta-data psacp-post-date\"><i class=\"psacp-fa fa-regular fa-clock\"><\/i>22 May 2020<\/span>\t\t\t\t<\/div>\r\n\t\t\t\t\t\t\t<\/div>\r\n\t\t<\/div>\r\n\r\n\t\t\t<\/div>\r\n<\/div><div class=\"psacp-post-slide psacp-post-3573 psacp-post-standard psacp-has-thumb\">\r\n\t<div class=\"psacp-post-carousel-content\">\r\n\t\t<div class=\"psacp-post-img-bg\" style=\"background-image:url(https:\/\/fysane.com\/wp-content\/uploads\/2020\/04\/newsletter.jpg);\">\r\n\t\t\t<a class=\"psacp-post-linkoverlay\" href=\"https:\/\/fysane.com\/en\/10-etapes-faciles-pour-creer-une-campagne-de-newsletter\"><\/a>\r\n\t\t\t<div class=\"psacp-post-overlay\">\r\n\t\t\t\t\t\t\t\t<h2 class=\"psacp-post-title\">\r\n\t\t\t\t\t<a href=\"https:\/\/fysane.com\/en\/10-etapes-faciles-pour-creer-une-campagne-de-newsletter\">10 easy steps to create a newsletter campaign<\/a>\r\n\t\t\t\t<\/h2>\r\n\r\n\t\t\t\t\t\t\t\t<div class=\"psacp-post-meta psacp-post-meta-up\">\r\n\t\t\t\t\t<span class=\"psacp-post-meta-data psacp-post-date\"><i class=\"psacp-fa fa-regular fa-clock\"><\/i>10 April 2020<\/span>\t\t\t\t<\/div>\r\n\t\t\t\t\t\t\t<\/div>\r\n\t\t<\/div>\r\n\r\n\t\t\t<\/div>\r\n<\/div><\/div><\/p><\/div><\/div>\t\t\t\t\t\t\t\t<\/div>\n\t\t\t\t<\/div>\n\t\t\t\t\t<\/div>\n\t\t<\/div>\n\t\t\t\t\t<\/div>\n\t\t<\/section>\n\t\t\t\t<\/div>","protected":false},"excerpt":{"rendered":"<p>Votre dose journali\u00e8re de marketing Blog<\/p>","protected":false},"author":19,"featured_media":0,"parent":0,"menu_order":0,"comment_status":"closed","ping_status":"closed","template":"elementor_header_footer","meta":{"footnotes":""},"class_list":["post-7325","page","type-page","status-publish","hentry"],"yoast_head":"<!-- This site is optimized with the Yoast SEO plugin v27.6 - https:\/\/yoast.com\/product\/yoast-seo-wordpress\/ -->\n<title>Blog - Agence Marketing Automation - Expertise Adobe Campaign<\/title>\n<meta name=\"description\" content=\"D\u00e9couvrez notre blog et obtenez votre dose journali\u00e8re des derni\u00e8res tendances de marketing automation, marketing digital, web marketing\u2026\" \/>\n<meta name=\"robots\" content=\"index, follow, max-snippet:-1, max-image-preview:large, max-video-preview:-1\" \/>\n<link rel=\"canonical\" href=\"https:\/\/fysane.com\/en\/blog\/\" \/>\n<meta property=\"og:locale\" content=\"en_US\" \/>\n<meta property=\"og:type\" content=\"article\" \/>\n<meta property=\"og:title\" content=\"Blog - Agence Marketing Automation - Expertise Adobe Campaign\" \/>\n<meta property=\"og:description\" content=\"D\u00e9couvrez notre blog et obtenez votre dose journali\u00e8re des derni\u00e8res tendances de marketing automation, marketing digital, web marketing\u2026\" \/>\n<meta property=\"og:url\" content=\"https:\/\/fysane.com\/en\/blog\/\" \/>\n<meta property=\"og:site_name\" content=\"Agence Marketing Automation - Expertise Adobe Campaign\" \/>\n<meta property=\"article:publisher\" content=\"https:\/\/www.facebook.com\/fysane\/\" \/>\n<meta property=\"article:modified_time\" content=\"2023-03-03T08:37:33+00:00\" \/>\n<meta name=\"twitter:card\" content=\"summary_large_image\" \/>\n<meta name=\"twitter:label1\" content=\"Est. reading time\" \/>\n\t<meta name=\"twitter:data1\" content=\"1 minute\" \/>\n<script type=\"application\/ld+json\" class=\"yoast-schema-graph\">{\"@context\":\"https:\\\/\\\/schema.org\",\"@graph\":[{\"@type\":\"WebPage\",\"@id\":\"https:\\\/\\\/fysane.com\\\/blog\",\"url\":\"https:\\\/\\\/fysane.com\\\/blog\",\"name\":\"Blog - Agence Marketing Automation - Expertise Adobe Campaign\",\"isPartOf\":{\"@id\":\"https:\\\/\\\/fysane.com\\\/#website\"},\"datePublished\":\"2020-09-28T14:18:27+00:00\",\"dateModified\":\"2023-03-03T08:37:33+00:00\",\"description\":\"D\u00e9couvrez notre blog et obtenez votre dose journali\u00e8re des derni\u00e8res tendances de marketing automation, marketing digital, web marketing\u2026\",\"breadcrumb\":{\"@id\":\"https:\\\/\\\/fysane.com\\\/blog#breadcrumb\"},\"inLanguage\":\"en-US\",\"potentialAction\":[{\"@type\":\"ReadAction\",\"target\":[\"https:\\\/\\\/fysane.com\\\/blog\"]}]},{\"@type\":\"BreadcrumbList\",\"@id\":\"https:\\\/\\\/fysane.com\\\/blog#breadcrumb\",\"itemListElement\":[{\"@type\":\"ListItem\",\"position\":1,\"name\":\"Accueil\",\"item\":\"https:\\\/\\\/fysane.com\\\/\"},{\"@type\":\"ListItem\",\"position\":2,\"name\":\"Blog\"}]},{\"@type\":\"WebSite\",\"@id\":\"https:\\\/\\\/fysane.com\\\/#website\",\"url\":\"https:\\\/\\\/fysane.com\\\/\",\"name\":\"Agence Marketing Automation - Expertise Adobe Campaign\",\"description\":\"Agence Marketing Automation - Expertise Adobe Campaign\",\"potentialAction\":[{\"@type\":\"SearchAction\",\"target\":{\"@type\":\"EntryPoint\",\"urlTemplate\":\"https:\\\/\\\/fysane.com\\\/?s={search_term_string}\"},\"query-input\":{\"@type\":\"PropertyValueSpecification\",\"valueRequired\":true,\"valueName\":\"search_term_string\"}}],\"inLanguage\":\"en-US\"}]}<\/script>\n<!-- \/ Yoast SEO plugin. -->","yoast_head_json":{"title":"Blog - Agence Marketing Automation - Expertise Adobe Campaign","description":"D\u00e9couvrez notre blog et obtenez votre dose journali\u00e8re des derni\u00e8res tendances de marketing automation, marketing digital, web marketing\u2026","robots":{"index":"index","follow":"follow","max-snippet":"max-snippet:-1","max-image-preview":"max-image-preview:large","max-video-preview":"max-video-preview:-1"},"canonical":"https:\/\/fysane.com\/en\/blog\/","og_locale":"en_US","og_type":"article","og_title":"Blog - Agence Marketing Automation - Expertise Adobe Campaign","og_description":"D\u00e9couvrez notre blog et obtenez votre dose journali\u00e8re des derni\u00e8res tendances de marketing automation, marketing digital, web marketing\u2026","og_url":"https:\/\/fysane.com\/en\/blog\/","og_site_name":"Agence Marketing Automation - Expertise Adobe Campaign","article_publisher":"https:\/\/www.facebook.com\/fysane\/","article_modified_time":"2023-03-03T08:37:33+00:00","twitter_card":"summary_large_image","twitter_misc":{"Est. reading time":"1 minute"},"schema":{"@context":"https:\/\/schema.org","@graph":[{"@type":"WebPage","@id":"https:\/\/fysane.com\/blog","url":"https:\/\/fysane.com\/blog","name":"Blog - Agence Marketing Automation - Expertise Adobe Campaign","isPartOf":{"@id":"https:\/\/fysane.com\/#website"},"datePublished":"2020-09-28T14:18:27+00:00","dateModified":"2023-03-03T08:37:33+00:00","description":"D\u00e9couvrez notre blog et obtenez votre dose journali\u00e8re des derni\u00e8res tendances de marketing automation, marketing digital, web marketing\u2026","breadcrumb":{"@id":"https:\/\/fysane.com\/blog#breadcrumb"},"inLanguage":"en-US","potentialAction":[{"@type":"ReadAction","target":["https:\/\/fysane.com\/blog"]}]},{"@type":"BreadcrumbList","@id":"https:\/\/fysane.com\/blog#breadcrumb","itemListElement":[{"@type":"ListItem","position":1,"name":"Accueil","item":"https:\/\/fysane.com\/"},{"@type":"ListItem","position":2,"name":"Blog"}]},{"@type":"WebSite","@id":"https:\/\/fysane.com\/#website","url":"https:\/\/fysane.com\/","name":"Agence Marketing Automation - Expertise Adobe Campaign","description":"Agence Marketing Automation - Expertise Adobe Campaign","potentialAction":[{"@type":"SearchAction","target":{"@type":"EntryPoint","urlTemplate":"https:\/\/fysane.com\/?s={search_term_string}"},"query-input":{"@type":"PropertyValueSpecification","valueRequired":true,"valueName":"search_term_string"}}],"inLanguage":"en-US"}]}},"_links":{"self":[{"href":"https:\/\/fysane.com\/en\/wp-json\/wp\/v2\/pages\/7325","targetHints":{"allow":["GET"]}}],"collection":[{"href":"https:\/\/fysane.com\/en\/wp-json\/wp\/v2\/pages"}],"about":[{"href":"https:\/\/fysane.com\/en\/wp-json\/wp\/v2\/types\/page"}],"author":[{"embeddable":true,"href":"https:\/\/fysane.com\/en\/wp-json\/wp\/v2\/users\/19"}],"replies":[{"embeddable":true,"href":"https:\/\/fysane.com\/en\/wp-json\/wp\/v2\/comments?post=7325"}],"version-history":[{"count":0,"href":"https:\/\/fysane.com\/en\/wp-json\/wp\/v2\/pages\/7325\/revisions"}],"wp:attachment":[{"href":"https:\/\/fysane.com\/en\/wp-json\/wp\/v2\/media?parent=7325"}],"curies":[{"name":"wp","href":"https:\/\/api.w.org\/{rel}","templated":true}]}}