{"id":7072,"date":"2020-09-18T10:24:22","date_gmt":"2020-09-18T09:24:22","guid":{"rendered":"https:\/\/fysane.com\/?page_id=7072"},"modified":"2022-08-11T17:01:02","modified_gmt":"2022-08-11T16:01:02","slug":"error-404","status":"publish","type":"page","link":"https:\/\/fysane.com\/en\/error-404","title":{"rendered":"error-404"},"content":{"rendered":"<div data-elementor-type=\"wp-page\" data-elementor-id=\"7072\" class=\"elementor elementor-7072\">\n\t\t\t\t\t\t<section class=\"elementor-section elementor-top-section elementor-element elementor-element-9454c5f elementor-section-full_width elementor-section-height-min-height elementor-section-items-bottom elementor-section-height-default\" data-id=\"9454c5f\" data-element_type=\"section\" data-e-type=\"section\" id=\"Accueil\" data-settings=\"{&quot;background_background&quot;:&quot;classic&quot;}\">\n\t\t\t\t\t\t\t<div class=\"elementor-background-overlay\"><\/div>\n\t\t\t\t\t\t\t<div class=\"elementor-container elementor-column-gap-no\">\n\t\t\t\t\t<div class=\"elementor-column elementor-col-100 elementor-top-column elementor-element elementor-element-95d701d\" data-id=\"95d701d\" data-element_type=\"column\" data-e-type=\"column\" data-settings=\"{&quot;background_background&quot;:&quot;classic&quot;}\">\n\t\t\t<div class=\"elementor-widget-wrap elementor-element-populated\">\n\t\t\t\t\t\t<section class=\"elementor-section elementor-inner-section elementor-element elementor-element-a775f8a elementor-section-full_width elementor-section-height-default elementor-section-height-default\" data-id=\"a775f8a\" data-element_type=\"section\" data-e-type=\"section\">\n\t\t\t\t\t\t<div class=\"elementor-container elementor-column-gap-default\">\n\t\t\t\t\t<div class=\"elementor-column elementor-col-100 elementor-inner-column elementor-element elementor-element-1767184\" data-id=\"1767184\" data-element_type=\"column\" data-e-type=\"column\">\n\t\t\t<div class=\"elementor-widget-wrap elementor-element-populated\">\n\t\t\t\t\t\t<div class=\"elementor-element elementor-element-aab3a23 elementor-widget elementor-widget-heading\" data-id=\"aab3a23\" data-element_type=\"widget\" data-e-type=\"widget\" data-settings=\"{&quot;_animation&quot;:&quot;none&quot;}\" data-widget_type=\"heading.default\">\n\t\t\t\t<div class=\"elementor-widget-container\">\n\t\t\t\t\t<h2 class=\"elementor-heading-title elementor-size-default\">Erreur 404<\/h2>\t\t\t\t<\/div>\n\t\t\t\t<\/div>\n\t\t\t\t\t<\/div>\n\t\t<\/div>\n\t\t\t\t\t<\/div>\n\t\t<\/section>\n\t\t\t\t\t<\/div>\n\t\t<\/div>\n\t\t\t\t\t<\/div>\n\t\t<\/section>\n\t\t\t\t<section class=\"elementor-section elementor-top-section elementor-element elementor-element-670921f elementor-section-boxed elementor-section-height-default elementor-section-height-default\" data-id=\"670921f\" data-element_type=\"section\" data-e-type=\"section\" id=\"propos\">\n\t\t\t\t\t\t<div class=\"elementor-container elementor-column-gap-default\">\n\t\t\t\t\t<div class=\"elementor-column elementor-col-100 elementor-top-column elementor-element elementor-element-42f9e5d\" data-id=\"42f9e5d\" data-element_type=\"column\" data-e-type=\"column\">\n\t\t\t<div class=\"elementor-widget-wrap elementor-element-populated\">\n\t\t\t\t\t\t<div class=\"elementor-element elementor-element-d3cb124 elementor-widget elementor-widget-heading\" data-id=\"d3cb124\" data-element_type=\"widget\" data-e-type=\"widget\" data-settings=\"{&quot;_animation&quot;:&quot;none&quot;}\" data-widget_type=\"heading.default\">\n\t\t\t\t<div class=\"elementor-widget-container\">\n\t\t\t\t\t<h2 class=\"elementor-heading-title elementor-size-default\">Oups!! On dirait que quelque chose s'est mal pass\u00e9\n<\/h2>\t\t\t\t<\/div>\n\t\t\t\t<\/div>\n\t\t\t\t<div class=\"elementor-element elementor-element-0e97a79 elementor-hidden-phone elementor-widget elementor-widget-spacer\" data-id=\"0e97a79\" data-element_type=\"widget\" data-e-type=\"widget\" data-widget_type=\"spacer.default\">\n\t\t\t\t<div class=\"elementor-widget-container\">\n\t\t\t\t\t\t\t<div class=\"elementor-spacer\">\n\t\t\t<div class=\"elementor-spacer-inner\"><\/div>\n\t\t<\/div>\n\t\t\t\t\t\t<\/div>\n\t\t\t\t<\/div>\n\t\t\t\t<div class=\"elementor-element elementor-element-dd69dd7 elementor-align-center elementor-widget elementor-widget-button\" data-id=\"dd69dd7\" data-element_type=\"widget\" data-e-type=\"widget\" data-widget_type=\"button.default\">\n\t\t\t\t<div class=\"elementor-widget-container\">\n\t\t\t\t\t\t\t\t\t<div class=\"elementor-button-wrapper\">\n\t\t\t\t\t<a class=\"elementor-button elementor-button-link elementor-size-sm elementor-animation-hang\" href=\"https:\/\/fysane.com\/en\/\">\n\t\t\t\t\t\t<span class=\"elementor-button-content-wrapper\">\n\t\t\t\t\t\t\t\t\t<span class=\"elementor-button-text\">Retournez \u00e0 la page d'accueil<\/span>\n\t\t\t\t\t<\/span>\n\t\t\t\t\t<\/a>\n\t\t\t\t<\/div>\n\t\t\t\t\t\t\t\t<\/div>\n\t\t\t\t<\/div>\n\t\t\t\t\t<\/div>\n\t\t<\/div>\n\t\t\t\t\t<\/div>\n\t\t<\/section>\n\t\t\t\t<\/div>","protected":false},"excerpt":{"rendered":"<p>Erreur 404 Oups!! On dirait que quelque chose s&rsquo;est mal pass\u00e9 Retournez \u00e0 la page d&rsquo;accueil<\/p>","protected":false},"author":19,"featured_media":0,"parent":0,"menu_order":0,"comment_status":"closed","ping_status":"closed","template":"elementor_header_footer","meta":{"footnotes":""},"class_list":["post-7072","page","type-page","status-publish","hentry"],"yoast_head":"<!-- This site is optimized with the Yoast SEO plugin v27.6 - https:\/\/yoast.com\/product\/yoast-seo-wordpress\/ -->\n<title>Page non trouv\u00e9e - FYSANE<\/title>\n<meta name=\"robots\" content=\"noindex, nofollow\" \/>\n<meta property=\"og:locale\" content=\"en_US\" \/>\n<meta property=\"og:type\" content=\"article\" \/>\n<meta property=\"og:title\" content=\"Page non trouv\u00e9e - FYSANE\" \/>\n<meta property=\"og:description\" content=\"Erreur 404 Oups!! On dirait que quelque chose s&rsquo;est mal pass\u00e9 Retournez \u00e0 la page d&rsquo;accueil\" \/>\n<meta property=\"og:url\" content=\"https:\/\/fysane.com\/en\/error-404\/\" \/>\n<meta property=\"og:site_name\" content=\"Agence Marketing Automation - Expertise Adobe Campaign\" \/>\n<meta property=\"article:publisher\" content=\"https:\/\/www.facebook.com\/fysane\/\" \/>\n<meta property=\"article:modified_time\" content=\"2022-08-11T16:01:02+00:00\" \/>\n<meta name=\"twitter:card\" content=\"summary_large_image\" \/>\n<meta name=\"twitter:label1\" content=\"Est. reading time\" \/>\n\t<meta name=\"twitter:data1\" content=\"1 minute\" \/>\n<script type=\"application\/ld+json\" class=\"yoast-schema-graph\">{\"@context\":\"https:\\\/\\\/schema.org\",\"@graph\":[{\"@type\":\"WebPage\",\"@id\":\"https:\\\/\\\/fysane.com\\\/error-404\",\"url\":\"https:\\\/\\\/fysane.com\\\/error-404\",\"name\":\"Page non trouv\u00e9e - FYSANE\",\"isPartOf\":{\"@id\":\"https:\\\/\\\/fysane.com\\\/#website\"},\"datePublished\":\"2020-09-18T09:24:22+00:00\",\"dateModified\":\"2022-08-11T16:01:02+00:00\",\"breadcrumb\":{\"@id\":\"https:\\\/\\\/fysane.com\\\/error-404#breadcrumb\"},\"inLanguage\":\"en-US\",\"potentialAction\":[{\"@type\":\"ReadAction\",\"target\":[\"https:\\\/\\\/fysane.com\\\/error-404\"]}]},{\"@type\":\"BreadcrumbList\",\"@id\":\"https:\\\/\\\/fysane.com\\\/error-404#breadcrumb\",\"itemListElement\":[{\"@type\":\"ListItem\",\"position\":1,\"name\":\"Accueil\",\"item\":\"https:\\\/\\\/fysane.com\\\/\"},{\"@type\":\"ListItem\",\"position\":2,\"name\":\"error-404\"}]},{\"@type\":\"WebSite\",\"@id\":\"https:\\\/\\\/fysane.com\\\/#website\",\"url\":\"https:\\\/\\\/fysane.com\\\/\",\"name\":\"Agence Marketing Automation - Expertise Adobe Campaign\",\"description\":\"Agence Marketing Automation - Expertise Adobe Campaign\",\"potentialAction\":[{\"@type\":\"SearchAction\",\"target\":{\"@type\":\"EntryPoint\",\"urlTemplate\":\"https:\\\/\\\/fysane.com\\\/?s={search_term_string}\"},\"query-input\":{\"@type\":\"PropertyValueSpecification\",\"valueRequired\":true,\"valueName\":\"search_term_string\"}}],\"inLanguage\":\"en-US\"}]}<\/script>\n<!-- \/ Yoast SEO plugin. -->","yoast_head_json":{"title":"Page non trouv\u00e9e - FYSANE","robots":{"index":"noindex","follow":"nofollow"},"og_locale":"en_US","og_type":"article","og_title":"Page non trouv\u00e9e - FYSANE","og_description":"Erreur 404 Oups!! On dirait que quelque chose s&rsquo;est mal pass\u00e9 Retournez \u00e0 la page d&rsquo;accueil","og_url":"https:\/\/fysane.com\/en\/error-404\/","og_site_name":"Agence Marketing Automation - Expertise Adobe Campaign","article_publisher":"https:\/\/www.facebook.com\/fysane\/","article_modified_time":"2022-08-11T16:01:02+00:00","twitter_card":"summary_large_image","twitter_misc":{"Est. reading time":"1 minute"},"schema":{"@context":"https:\/\/schema.org","@graph":[{"@type":"WebPage","@id":"https:\/\/fysane.com\/error-404","url":"https:\/\/fysane.com\/error-404","name":"Page non trouv\u00e9e - FYSANE","isPartOf":{"@id":"https:\/\/fysane.com\/#website"},"datePublished":"2020-09-18T09:24:22+00:00","dateModified":"2022-08-11T16:01:02+00:00","breadcrumb":{"@id":"https:\/\/fysane.com\/error-404#breadcrumb"},"inLanguage":"en-US","potentialAction":[{"@type":"ReadAction","target":["https:\/\/fysane.com\/error-404"]}]},{"@type":"BreadcrumbList","@id":"https:\/\/fysane.com\/error-404#breadcrumb","itemListElement":[{"@type":"ListItem","position":1,"name":"Accueil","item":"https:\/\/fysane.com\/"},{"@type":"ListItem","position":2,"name":"error-404"}]},{"@type":"WebSite","@id":"https:\/\/fysane.com\/#website","url":"https:\/\/fysane.com\/","name":"Agence Marketing Automation - Expertise Adobe Campaign","description":"Agence Marketing Automation - Expertise Adobe Campaign","potentialAction":[{"@type":"SearchAction","target":{"@type":"EntryPoint","urlTemplate":"https:\/\/fysane.com\/?s={search_term_string}"},"query-input":{"@type":"PropertyValueSpecification","valueRequired":true,"valueName":"search_term_string"}}],"inLanguage":"en-US"}]}},"_links":{"self":[{"href":"https:\/\/fysane.com\/en\/wp-json\/wp\/v2\/pages\/7072","targetHints":{"allow":["GET"]}}],"collection":[{"href":"https:\/\/fysane.com\/en\/wp-json\/wp\/v2\/pages"}],"about":[{"href":"https:\/\/fysane.com\/en\/wp-json\/wp\/v2\/types\/page"}],"author":[{"embeddable":true,"href":"https:\/\/fysane.com\/en\/wp-json\/wp\/v2\/users\/19"}],"replies":[{"embeddable":true,"href":"https:\/\/fysane.com\/en\/wp-json\/wp\/v2\/comments?post=7072"}],"version-history":[{"count":0,"href":"https:\/\/fysane.com\/en\/wp-json\/wp\/v2\/pages\/7072\/revisions"}],"wp:attachment":[{"href":"https:\/\/fysane.com\/en\/wp-json\/wp\/v2\/media?parent=7072"}],"curies":[{"name":"wp","href":"https:\/\/api.w.org\/{rel}","templated":true}]}}